{"id":5,"date":"2020-04-23T18:44:57","date_gmt":"2020-04-23T18:44:57","guid":{"rendered":"https:\/\/webservice-endress.de\/kunden\/kalla\/?page_id=5"},"modified":"2025-10-21T16:00:42","modified_gmt":"2025-10-21T16:00:42","slug":"ueber-mich","status":"publish","type":"page","link":"https:\/\/kallaritzau.de\/index.php\/ueber-mich\/","title":{"rendered":"\u00dcber mich"},"content":{"rendered":"<div class=\"wp-block-image\">\n<figure class=\"aligncenter size-large is-resized\"><img loading=\"lazy\" decoding=\"async\" width=\"768\" height=\"1024\" src=\"https:\/\/kallaritzau.de\/wp-content\/uploads\/2024\/03\/IMG_3147-768x1024.jpg\" alt=\"\" class=\"wp-image-2099\" style=\"width:205px;height:auto\" srcset=\"https:\/\/kallaritzau.de\/wp-content\/uploads\/2024\/03\/IMG_3147-768x1024.jpg 768w, https:\/\/kallaritzau.de\/wp-content\/uploads\/2024\/03\/IMG_3147-225x300.jpg 225w, https:\/\/kallaritzau.de\/wp-content\/uploads\/2024\/03\/IMG_3147-676x901.jpg 676w, https:\/\/kallaritzau.de\/wp-content\/uploads\/2024\/03\/IMG_3147.jpg 870w\" sizes=\"auto, (max-width: 768px) 100vw, 768px\" \/><\/figure><\/div>\n\n\n<p class=\"has-text-align-center\">Ich bin in Bielefeld geboren und aufgewachsen. Nach der Schulzeit absolvierte ich eine Ausbildung als Bauzeichner und studierte anschlie\u00dfend Architektur. Nach abgeschlossenem Studium war ich in verschiedenen B\u00fcros in der Planung und im Objektmanagement bis zum Eintritt in den Ruhestand t\u00e4tig.<\/p>\n\n\n\n<p class=\"has-text-align-center\">Meine Hobbys sind Sport, Musik und Fotografieren. \u00dcber 40 Jahre lang war ich aktiv und ehrenamtlich in Vereinen t\u00e4tig. Ich fahre gerne Rad und mache Walking, h\u00f6re viel Musik und spiele zu Hause Klavier und Gitarre. <br>Viel Arbeit investiere ich in die Erstellung einer Ahnentafel. Ein weiteres gro\u00dfes Hobby von mir ist das Fotografieren. Dabei inspirierte mich der Gedanke, <br>viele meiner Fotos mit eigenen, selbst formulierten meditativen, christlichen Texten zu erg\u00e4nzen und in meiner Heimatgemeinde zu ver\u00f6ffentlichen.<\/p>\n\n\n\n<p class=\"has-text-align-center\">Als Erg\u00e4nzung dazu habe ich mir diese private Homepage eingerichtet. Damit m\u00f6chte ich noch mehr Menschen Gelegenheit geben, meine Zeilen, die jahreszeiten orientiert sind, zu lesen, um so in der heutigen hektischen, betriebsamen Zeit Ruhe, Entspannung und Nachdenklichkeit zu finden.<\/p>\n\n\n\n<p class=\"has-text-align-center\">Die Ideen f\u00fcr meine Texte und Fotos bekomme ich aus der Natur und in Urlauben. Deshalb beabsichtige ich auch immer wieder kurze Urlaubsbeschreibungen von meinen sch\u00f6nsten Urlaubsorten einzuf\u00fcgen.<\/p>\n\n\n\n<p class=\"has-text-align-center\">Privat bin ich verheiratet, habe zwei T\u00f6chter und vier Enkelkinder.<\/p>\n\n\n\n<p class=\"has-text-align-center\">Ich w\u00fcnsche euch viel Freude und Entspannung beim Lesen und freue mich \u00fcber R\u00fcckmeldungen und Anregungen per Mail.<\/p>\n\n\n\n<p class=\"has-text-align-center\">Liebe Gr\u00fc\u00dfe<\/p>\n\n\n\n<p class=\"has-text-align-center\">Kalla Ritzau<\/p>\n\n\n\n<p><\/p>\n","protected":false},"excerpt":{"rendered":"<p>Ich bin in Bielefeld geboren und aufgewachsen. Nach der Schulzeit absolvierte ich eine Ausbildung als Bauzeichner und studierte anschlie\u00dfend Architektur. Nach abgeschlossenem Studium war ich in verschiedenen B\u00fcros in der Planung und im Objektmanagement bis zum Eintritt in den Ruhestand t\u00e4tig. Meine Hobbys sind Sport, Musik und Fotografieren. \u00dcber 40 Jahre lang war ich aktiv [&hellip;]<\/p>\n","protected":false},"author":1,"featured_media":0,"parent":0,"menu_order":0,"comment_status":"closed","ping_status":"closed","template":"template-nosidebar.php","meta":{"footnotes":""},"class_list":["post-5","page","type-page","status-publish","hentry","post-preview"],"_links":{"self":[{"href":"https:\/\/kallaritzau.de\/index.php\/wp-json\/wp\/v2\/pages\/5","targetHints":{"allow":["GET"]}}],"collection":[{"href":"https:\/\/kallaritzau.de\/index.php\/wp-json\/wp\/v2\/pages"}],"about":[{"href":"https:\/\/kallaritzau.de\/index.php\/wp-json\/wp\/v2\/types\/page"}],"author":[{"embeddable":true,"href":"https:\/\/kallaritzau.de\/index.php\/wp-json\/wp\/v2\/users\/1"}],"replies":[{"embeddable":true,"href":"https:\/\/kallaritzau.de\/index.php\/wp-json\/wp\/v2\/comments?post=5"}],"version-history":[{"count":35,"href":"https:\/\/kallaritzau.de\/index.php\/wp-json\/wp\/v2\/pages\/5\/revisions"}],"predecessor-version":[{"id":2333,"href":"https:\/\/kallaritzau.de\/index.php\/wp-json\/wp\/v2\/pages\/5\/revisions\/2333"}],"wp:attachment":[{"href":"https:\/\/kallaritzau.de\/index.php\/wp-json\/wp\/v2\/media?parent=5"}],"curies":[{"name":"wp","href":"https:\/\/api.w.org\/{rel}","templated":true}]}}